{"id":361,"date":"2026-01-28T19:42:52","date_gmt":"2026-01-28T18:42:52","guid":{"rendered":"https:\/\/kursstrona.maxmicinski.pl\/?page_id=361"},"modified":"2026-01-28T21:24:50","modified_gmt":"2026-01-28T20:24:50","slug":"galeria","status":"publish","type":"page","link":"https:\/\/kursstrona.maxmicinski.pl\/?page_id=361","title":{"rendered":"Galeria"},"content":{"rendered":"\t\t<div data-elementor-type=\"wp-page\" data-elementor-id=\"361\" class=\"elementor elementor-361\" data-elementor-post-type=\"page\">\n\t\t\t\t\t\t<section class=\"elementor-section elementor-top-section elementor-element elementor-element-db227e7 elementor-section-full_width elementor-section-stretched elementor-section-height-default elementor-section-height-default\" data-id=\"db227e7\" data-element_type=\"section\" data-settings=\"{&quot;stretch_section&quot;:&quot;section-stretched&quot;,&quot;background_background&quot;:&quot;classic&quot;}\">\n\t\t\t\t\t\t\t<div class=\"elementor-background-overlay\"><\/div>\n\t\t\t\t\t\t\t<div class=\"elementor-container elementor-column-gap-default\">\n\t\t\t\t\t<div class=\"elementor-column elementor-col-100 elementor-top-column elementor-element elementor-element-b66dd4e\" data-id=\"b66dd4e\" data-element_type=\"column\">\n\t\t\t<div class=\"elementor-widget-wrap elementor-element-populated\">\n\t\t\t\t\t\t<div class=\"elementor-element elementor-element-f6c7f3e elementor-widget elementor-widget-heading\" data-id=\"f6c7f3e\" data-element_type=\"widget\" data-widget_type=\"heading.default\">\n\t\t\t\t\t<h1 class=\"elementor-heading-title elementor-size-default\">Galeria<\/h1>\t\t\t\t<\/div>\n\t\t\t\t<div class=\"elementor-element elementor-element-c63db67 elementor-widget elementor-widget-heading\" data-id=\"c63db67\" data-element_type=\"widget\" data-widget_type=\"heading.default\">\n\t\t\t\t\t<h2 class=\"elementor-heading-title elementor-size-default\">Sprawd\u017a galerie realizacji<\/h2>\t\t\t\t<\/div>\n\t\t\t\t<div class=\"elementor-element elementor-element-05da2c6 elementor-widget-divider--view-line elementor-widget elementor-widget-divider\" data-id=\"05da2c6\" data-element_type=\"widget\" data-widget_type=\"divider.default\">\n\t\t\t\t\t\t\t<div class=\"elementor-divider\">\n\t\t\t<span class=\"elementor-divider-separator\">\n\t\t\t\t\t\t<\/span>\n\t\t<\/div>\n\t\t\t\t\t\t<\/div>\n\t\t\t\t<div class=\"elementor-element elementor-element-8f9ac29 elementor-widget__width-initial elementor-widget elementor-widget-text-editor\" data-id=\"8f9ac29\" data-element_type=\"widget\" data-widget_type=\"text-editor.default\">\n\t\t\t\t\t\t\t\t\t<div class=\"wp-block-uagb-advanced-heading uagb-block-bc615840\"><p class=\"uagb-heading-text\">Je\u015bli szukasz wyj\u0105tkowych i naturalnych zdj\u0119\u0107 \u015blubnych, to jeste\u015b we w\u0142a\u015bciwym miejscu. <span style=\"font-size: 16px;\">Zapraszam do zapoznania si\u0119 z moj\u0105 ofert\u0105 fotografii \u015blubnej, a tak\u017ce moj\u0105 stron\u0105 internetow\u0105, na kt\u00f3rej znajdziesz przyk\u0142ady moich prac oraz filmy prezentuj\u0105ce moje umiej\u0119tno\u015bci.<\/span><\/p><\/div>\t\t\t\t\t\t\t\t<\/div>\n\t\t\t\t\t<\/div>\n\t\t<\/div>\n\t\t\t\t\t<\/div>\n\t\t<\/section>\n\t\t\t\t<section class=\"elementor-section elementor-top-section elementor-element elementor-element-7fba34d elementor-section-boxed elementor-section-height-default elementor-section-height-default\" data-id=\"7fba34d\" data-element_type=\"section\">\n\t\t\t\t\t\t<div class=\"elementor-container elementor-column-gap-default\">\n\t\t\t\t\t<div class=\"elementor-column elementor-col-100 elementor-top-column elementor-element elementor-element-3218692\" data-id=\"3218692\" data-element_type=\"column\">\n\t\t\t<div class=\"elementor-widget-wrap elementor-element-populated\">\n\t\t\t\t\t\t<div class=\"elementor-element elementor-element-a8fa71c elementor-widget elementor-widget-heading\" data-id=\"a8fa71c\" data-element_type=\"widget\" data-widget_type=\"heading.default\">\n\t\t\t\t\t<h4 class=\"elementor-heading-title elementor-size-default\">Galeria<\/h4>\t\t\t\t<\/div>\n\t\t\t\t<div class=\"elementor-element elementor-element-3fbda74 elementor-widget elementor-widget-heading\" data-id=\"3fbda74\" data-element_type=\"widget\" data-widget_type=\"heading.default\">\n\t\t\t\t\t<h2 class=\"elementor-heading-title elementor-size-default\">Przyk\u0142adowe realizacje<\/h2>\t\t\t\t<\/div>\n\t\t\t\t<div class=\"elementor-element elementor-element-fc811ad elementor-widget-divider--view-line elementor-widget elementor-widget-divider\" data-id=\"fc811ad\" data-element_type=\"widget\" data-widget_type=\"divider.default\">\n\t\t\t\t\t\t\t<div class=\"elementor-divider\">\n\t\t\t<span class=\"elementor-divider-separator\">\n\t\t\t\t\t\t<\/span>\n\t\t<\/div>\n\t\t\t\t\t\t<\/div>\n\t\t\t\t<div class=\"elementor-element elementor-element-7c8ec57 elementor-widget elementor-widget-gallery\" data-id=\"7c8ec57\" data-element_type=\"widget\" data-settings=\"{&quot;gallery_layout&quot;:&quot;masonry&quot;,&quot;lazyload&quot;:&quot;yes&quot;,&quot;columns&quot;:4,&quot;columns_tablet&quot;:2,&quot;columns_mobile&quot;:1,&quot;gap&quot;:{&quot;unit&quot;:&quot;px&quot;,&quot;size&quot;:10,&quot;sizes&quot;:[]},&quot;gap_laptop&quot;:{&quot;unit&quot;:&quot;px&quot;,&quot;size&quot;:10,&quot;sizes&quot;:[]},&quot;gap_tablet&quot;:{&quot;unit&quot;:&quot;px&quot;,&quot;size&quot;:10,&quot;sizes&quot;:[]},&quot;gap_mobile&quot;:{&quot;unit&quot;:&quot;px&quot;,&quot;size&quot;:10,&quot;sizes&quot;:[]},&quot;link_to&quot;:&quot;file&quot;,&quot;overlay_background&quot;:&quot;yes&quot;,&quot;content_hover_animation&quot;:&quot;fade-in&quot;}\" data-widget_type=\"gallery.default\">\n\t\t\t\t\t\t\t<div class=\"elementor-gallery__container\">\n\t\t\t\t\t\t\t<a class=\"e-gallery-item elementor-gallery-item elementor-animated-content\" href=\"https:\/\/kursstrona.maxmicinski.pl\/wp-content\/uploads\/2026\/01\/obraz_2026-01-27_204704474.png\" data-elementor-open-lightbox=\"yes\" data-elementor-lightbox-slideshow=\"7c8ec57\" data-elementor-lightbox-title=\"obraz_2026-01-27_204704474\" data-e-action-hash=\"#elementor-action%3Aaction%3Dlightbox%26settings%3DeyJpZCI6MzIzLCJ1cmwiOiJodHRwczpcL1wva3Vyc3N0cm9uYS5tYXhtaWNpbnNraS5wbFwvd3AtY29udGVudFwvdXBsb2Fkc1wvMjAyNlwvMDFcL29icmF6XzIwMjYtMDEtMjdfMjA0NzA0NDc0LnBuZyIsInNsaWRlc2hvdyI6IjdjOGVjNTcifQ%3D%3D\">\n\t\t\t\t\t<div class=\"e-gallery-image elementor-gallery-item__image\" data-thumbnail=\"https:\/\/kursstrona.maxmicinski.pl\/wp-content\/uploads\/2026\/01\/obraz_2026-01-27_204704474.png\" data-width=\"1280\" data-height=\"720\" aria-label=\"\" role=\"img\" ><\/div>\n\t\t\t\t\t\t\t\t\t\t\t<div class=\"elementor-gallery-item__overlay\"><\/div>\n\t\t\t\t\t\t\t\t\t\t\t\t\t\t<\/a>\n\t\t\t\t\t\t\t<a class=\"e-gallery-item elementor-gallery-item elementor-animated-content\" href=\"https:\/\/kursstrona.maxmicinski.pl\/wp-content\/uploads\/2026\/01\/obraz_2026-01-27_195342345.png\" data-elementor-open-lightbox=\"yes\" data-elementor-lightbox-slideshow=\"7c8ec57\" data-elementor-lightbox-title=\"obraz_2026-01-27_195342345\" data-e-action-hash=\"#elementor-action%3Aaction%3Dlightbox%26settings%3DeyJpZCI6Mjg3LCJ1cmwiOiJodHRwczpcL1wva3Vyc3N0cm9uYS5tYXhtaWNpbnNraS5wbFwvd3AtY29udGVudFwvdXBsb2Fkc1wvMjAyNlwvMDFcL29icmF6XzIwMjYtMDEtMjdfMTk1MzQyMzQ1LnBuZyIsInNsaWRlc2hvdyI6IjdjOGVjNTcifQ%3D%3D\">\n\t\t\t\t\t<div class=\"e-gallery-image elementor-gallery-item__image\" data-thumbnail=\"https:\/\/kursstrona.maxmicinski.pl\/wp-content\/uploads\/2026\/01\/obraz_2026-01-27_195342345.png\" data-width=\"2560\" data-height=\"1707\" aria-label=\"\" role=\"img\" ><\/div>\n\t\t\t\t\t\t\t\t\t\t\t<div class=\"elementor-gallery-item__overlay\"><\/div>\n\t\t\t\t\t\t\t\t\t\t\t\t\t\t<\/a>\n\t\t\t\t\t\t\t<a class=\"e-gallery-item elementor-gallery-item elementor-animated-content\" href=\"https:\/\/kursstrona.maxmicinski.pl\/wp-content\/uploads\/2026\/01\/obraz_2026-01-27_193100660.png\" data-elementor-open-lightbox=\"yes\" data-elementor-lightbox-slideshow=\"7c8ec57\" data-elementor-lightbox-title=\"obraz_2026-01-27_193100660\" data-e-action-hash=\"#elementor-action%3Aaction%3Dlightbox%26settings%3DeyJpZCI6MjYyLCJ1cmwiOiJodHRwczpcL1wva3Vyc3N0cm9uYS5tYXhtaWNpbnNraS5wbFwvd3AtY29udGVudFwvdXBsb2Fkc1wvMjAyNlwvMDFcL29icmF6XzIwMjYtMDEtMjdfMTkzMTAwNjYwLnBuZyIsInNsaWRlc2hvdyI6IjdjOGVjNTcifQ%3D%3D\">\n\t\t\t\t\t<div class=\"e-gallery-image elementor-gallery-item__image\" data-thumbnail=\"https:\/\/kursstrona.maxmicinski.pl\/wp-content\/uploads\/2026\/01\/obraz_2026-01-27_193100660.png\" data-width=\"2048\" data-height=\"1367\" aria-label=\"\" role=\"img\" ><\/div>\n\t\t\t\t\t\t\t\t\t\t\t<div class=\"elementor-gallery-item__overlay\"><\/div>\n\t\t\t\t\t\t\t\t\t\t\t\t\t\t<\/a>\n\t\t\t\t\t\t\t<a class=\"e-gallery-item elementor-gallery-item elementor-animated-content\" href=\"https:\/\/kursstrona.maxmicinski.pl\/wp-content\/uploads\/2026\/01\/obraz_2026-01-26_213841371.png\" data-elementor-open-lightbox=\"yes\" data-elementor-lightbox-slideshow=\"7c8ec57\" data-elementor-lightbox-title=\"obraz_2026-01-26_213841371\" data-e-action-hash=\"#elementor-action%3Aaction%3Dlightbox%26settings%3DeyJpZCI6MjI3LCJ1cmwiOiJodHRwczpcL1wva3Vyc3N0cm9uYS5tYXhtaWNpbnNraS5wbFwvd3AtY29udGVudFwvdXBsb2Fkc1wvMjAyNlwvMDFcL29icmF6XzIwMjYtMDEtMjZfMjEzODQxMzcxLnBuZyIsInNsaWRlc2hvdyI6IjdjOGVjNTcifQ%3D%3D\">\n\t\t\t\t\t<div class=\"e-gallery-image elementor-gallery-item__image\" data-thumbnail=\"https:\/\/kursstrona.maxmicinski.pl\/wp-content\/uploads\/2026\/01\/obraz_2026-01-26_213841371.png\" data-width=\"288\" data-height=\"228\" aria-label=\"\" role=\"img\" ><\/div>\n\t\t\t\t\t\t\t\t\t\t\t<div class=\"elementor-gallery-item__overlay\"><\/div>\n\t\t\t\t\t\t\t\t\t\t\t\t\t\t<\/a>\n\t\t\t\t\t\t\t<a class=\"e-gallery-item elementor-gallery-item elementor-animated-content\" href=\"https:\/\/kursstrona.maxmicinski.pl\/wp-content\/uploads\/2026\/01\/obraz_2026-01-21_165555369.png\" data-elementor-open-lightbox=\"yes\" data-elementor-lightbox-slideshow=\"7c8ec57\" data-elementor-lightbox-title=\"obraz_2026-01-21_165555369\" data-e-action-hash=\"#elementor-action%3Aaction%3Dlightbox%26settings%3DeyJpZCI6MTQ4LCJ1cmwiOiJodHRwczpcL1wva3Vyc3N0cm9uYS5tYXhtaWNpbnNraS5wbFwvd3AtY29udGVudFwvdXBsb2Fkc1wvMjAyNlwvMDFcL29icmF6XzIwMjYtMDEtMjFfMTY1NTU1MzY5LnBuZyIsInNsaWRlc2hvdyI6IjdjOGVjNTcifQ%3D%3D\">\n\t\t\t\t\t<div class=\"e-gallery-image elementor-gallery-item__image\" data-thumbnail=\"https:\/\/kursstrona.maxmicinski.pl\/wp-content\/uploads\/2026\/01\/obraz_2026-01-21_165555369.png\" data-width=\"480\" data-height=\"480\" aria-label=\"\" role=\"img\" ><\/div>\n\t\t\t\t\t\t\t\t\t\t\t<div class=\"elementor-gallery-item__overlay\"><\/div>\n\t\t\t\t\t\t\t\t\t\t\t\t\t\t<\/a>\n\t\t\t\t\t\t\t<a class=\"e-gallery-item elementor-gallery-item elementor-animated-content\" href=\"https:\/\/kursstrona.maxmicinski.pl\/wp-content\/uploads\/2026\/01\/obraz_2026-01-19_111107196.png\" data-elementor-open-lightbox=\"yes\" data-elementor-lightbox-slideshow=\"7c8ec57\" data-elementor-lightbox-title=\"obraz_2026-01-19_111107196\" data-e-action-hash=\"#elementor-action%3Aaction%3Dlightbox%26settings%3DeyJpZCI6MzEsInVybCI6Imh0dHBzOlwvXC9rdXJzc3Ryb25hLm1heG1pY2luc2tpLnBsXC93cC1jb250ZW50XC91cGxvYWRzXC8yMDI2XC8wMVwvb2JyYXpfMjAyNi0wMS0xOV8xMTExMDcxOTYucG5nIiwic2xpZGVzaG93IjoiN2M4ZWM1NyJ9\">\n\t\t\t\t\t<div class=\"e-gallery-image elementor-gallery-item__image\" data-thumbnail=\"https:\/\/kursstrona.maxmicinski.pl\/wp-content\/uploads\/2026\/01\/obraz_2026-01-19_111107196.png\" data-width=\"2048\" data-height=\"1365\" aria-label=\"\" role=\"img\" ><\/div>\n\t\t\t\t\t\t\t\t\t\t\t<div class=\"elementor-gallery-item__overlay\"><\/div>\n\t\t\t\t\t\t\t\t\t\t\t\t\t\t<\/a>\n\t\t\t\t\t\t\t<a class=\"e-gallery-item elementor-gallery-item elementor-animated-content\" href=\"https:\/\/kursstrona.maxmicinski.pl\/wp-content\/uploads\/2026\/01\/obraz_2026-01-21_165641497.png\" data-elementor-open-lightbox=\"yes\" data-elementor-lightbox-slideshow=\"7c8ec57\" data-elementor-lightbox-title=\"obraz_2026-01-21_165641497\" data-e-action-hash=\"#elementor-action%3Aaction%3Dlightbox%26settings%3DeyJpZCI6MTQ5LCJ1cmwiOiJodHRwczpcL1wva3Vyc3N0cm9uYS5tYXhtaWNpbnNraS5wbFwvd3AtY29udGVudFwvdXBsb2Fkc1wvMjAyNlwvMDFcL29icmF6XzIwMjYtMDEtMjFfMTY1NjQxNDk3LnBuZyIsInNsaWRlc2hvdyI6IjdjOGVjNTcifQ%3D%3D\">\n\t\t\t\t\t<div class=\"e-gallery-image elementor-gallery-item__image\" data-thumbnail=\"https:\/\/kursstrona.maxmicinski.pl\/wp-content\/uploads\/2026\/01\/obraz_2026-01-21_165641497.png\" data-width=\"480\" data-height=\"480\" aria-label=\"\" role=\"img\" ><\/div>\n\t\t\t\t\t\t\t\t\t\t\t<div class=\"elementor-gallery-item__overlay\"><\/div>\n\t\t\t\t\t\t\t\t\t\t\t\t\t\t<\/a>\n\t\t\t\t\t\t\t<a class=\"e-gallery-item elementor-gallery-item elementor-animated-content\" href=\"https:\/\/kursstrona.maxmicinski.pl\/wp-content\/uploads\/2026\/01\/obraz_2026-01-22_191542358.png\" data-elementor-open-lightbox=\"yes\" data-elementor-lightbox-slideshow=\"7c8ec57\" data-elementor-lightbox-title=\"obraz_2026-01-22_191542358\" data-e-action-hash=\"#elementor-action%3Aaction%3Dlightbox%26settings%3DeyJpZCI6MTk5LCJ1cmwiOiJodHRwczpcL1wva3Vyc3N0cm9uYS5tYXhtaWNpbnNraS5wbFwvd3AtY29udGVudFwvdXBsb2Fkc1wvMjAyNlwvMDFcL29icmF6XzIwMjYtMDEtMjJfMTkxNTQyMzU4LnBuZyIsInNsaWRlc2hvdyI6IjdjOGVjNTcifQ%3D%3D\">\n\t\t\t\t\t<div class=\"e-gallery-image elementor-gallery-item__image\" data-thumbnail=\"https:\/\/kursstrona.maxmicinski.pl\/wp-content\/uploads\/2026\/01\/obraz_2026-01-22_191542358.png\" data-width=\"288\" data-height=\"228\" aria-label=\"\" role=\"img\" ><\/div>\n\t\t\t\t\t\t\t\t\t\t\t<div class=\"elementor-gallery-item__overlay\"><\/div>\n\t\t\t\t\t\t\t\t\t\t\t\t\t\t<\/a>\n\t\t\t\t\t\t\t<a class=\"e-gallery-item elementor-gallery-item elementor-animated-content\" href=\"https:\/\/kursstrona.maxmicinski.pl\/wp-content\/uploads\/2026\/01\/obraz_2026-01-19_195646851.png\" data-elementor-open-lightbox=\"yes\" data-elementor-lightbox-slideshow=\"7c8ec57\" data-elementor-lightbox-title=\"obraz_2026-01-19_195646851\" data-e-action-hash=\"#elementor-action%3Aaction%3Dlightbox%26settings%3DeyJpZCI6OTUsInVybCI6Imh0dHBzOlwvXC9rdXJzc3Ryb25hLm1heG1pY2luc2tpLnBsXC93cC1jb250ZW50XC91cGxvYWRzXC8yMDI2XC8wMVwvb2JyYXpfMjAyNi0wMS0xOV8xOTU2NDY4NTEucG5nIiwic2xpZGVzaG93IjoiN2M4ZWM1NyJ9\">\n\t\t\t\t\t<div class=\"e-gallery-image elementor-gallery-item__image\" data-thumbnail=\"https:\/\/kursstrona.maxmicinski.pl\/wp-content\/uploads\/2026\/01\/obraz_2026-01-19_195646851.png\" data-width=\"2000\" data-height=\"1335\" aria-label=\"\" role=\"img\" ><\/div>\n\t\t\t\t\t\t\t\t\t\t\t<div class=\"elementor-gallery-item__overlay\"><\/div>\n\t\t\t\t\t\t\t\t\t\t\t\t\t\t<\/a>\n\t\t\t\t\t\t\t<a class=\"e-gallery-item elementor-gallery-item elementor-animated-content\" href=\"https:\/\/kursstrona.maxmicinski.pl\/wp-content\/uploads\/2026\/01\/obraz_2026-01-20_082922477.png\" data-elementor-open-lightbox=\"yes\" data-elementor-lightbox-slideshow=\"7c8ec57\" data-elementor-lightbox-title=\"obraz_2026-01-20_082922477\" data-e-action-hash=\"#elementor-action%3Aaction%3Dlightbox%26settings%3DeyJpZCI6MTAzLCJ1cmwiOiJodHRwczpcL1wva3Vyc3N0cm9uYS5tYXhtaWNpbnNraS5wbFwvd3AtY29udGVudFwvdXBsb2Fkc1wvMjAyNlwvMDFcL29icmF6XzIwMjYtMDEtMjBfMDgyOTIyNDc3LnBuZyIsInNsaWRlc2hvdyI6IjdjOGVjNTcifQ%3D%3D\">\n\t\t\t\t\t<div class=\"e-gallery-image elementor-gallery-item__image\" data-thumbnail=\"https:\/\/kursstrona.maxmicinski.pl\/wp-content\/uploads\/2026\/01\/obraz_2026-01-20_082922477.png\" data-width=\"1392\" data-height=\"977\" aria-label=\"\" role=\"img\" ><\/div>\n\t\t\t\t\t\t\t\t\t\t\t<div class=\"elementor-gallery-item__overlay\"><\/div>\n\t\t\t\t\t\t\t\t\t\t\t\t\t\t<\/a>\n\t\t\t\t\t\t\t<a class=\"e-gallery-item elementor-gallery-item elementor-animated-content\" href=\"https:\/\/kursstrona.maxmicinski.pl\/wp-content\/uploads\/2026\/01\/obraz_2026-01-20_202759723.png\" data-elementor-open-lightbox=\"yes\" data-elementor-lightbox-slideshow=\"7c8ec57\" data-elementor-lightbox-title=\"obraz_2026-01-20_202759723\" data-e-action-hash=\"#elementor-action%3Aaction%3Dlightbox%26settings%3DeyJpZCI6MTMyLCJ1cmwiOiJodHRwczpcL1wva3Vyc3N0cm9uYS5tYXhtaWNpbnNraS5wbFwvd3AtY29udGVudFwvdXBsb2Fkc1wvMjAyNlwvMDFcL29icmF6XzIwMjYtMDEtMjBfMjAyNzU5NzIzLnBuZyIsInNsaWRlc2hvdyI6IjdjOGVjNTcifQ%3D%3D\">\n\t\t\t\t\t<div class=\"e-gallery-image elementor-gallery-item__image\" data-thumbnail=\"https:\/\/kursstrona.maxmicinski.pl\/wp-content\/uploads\/2026\/01\/obraz_2026-01-20_202759723.png\" data-width=\"480\" data-height=\"480\" aria-label=\"\" role=\"img\" ><\/div>\n\t\t\t\t\t\t\t\t\t\t\t<div class=\"elementor-gallery-item__overlay\"><\/div>\n\t\t\t\t\t\t\t\t\t\t\t\t\t\t<\/a>\n\t\t\t\t\t\t\t<a class=\"e-gallery-item elementor-gallery-item elementor-animated-content\" href=\"https:\/\/kursstrona.maxmicinski.pl\/wp-content\/uploads\/2026\/01\/obraz_2026-01-21_160039751.png\" data-elementor-open-lightbox=\"yes\" data-elementor-lightbox-slideshow=\"7c8ec57\" data-elementor-lightbox-title=\"obraz_2026-01-21_160039751\" data-e-action-hash=\"#elementor-action%3Aaction%3Dlightbox%26settings%3DeyJpZCI6MTM3LCJ1cmwiOiJodHRwczpcL1wva3Vyc3N0cm9uYS5tYXhtaWNpbnNraS5wbFwvd3AtY29udGVudFwvdXBsb2Fkc1wvMjAyNlwvMDFcL29icmF6XzIwMjYtMDEtMjFfMTYwMDM5NzUxLnBuZyIsInNsaWRlc2hvdyI6IjdjOGVjNTcifQ%3D%3D\">\n\t\t\t\t\t<div class=\"e-gallery-image elementor-gallery-item__image\" data-thumbnail=\"https:\/\/kursstrona.maxmicinski.pl\/wp-content\/uploads\/2026\/01\/obraz_2026-01-21_160039751.png\" data-width=\"2090\" data-height=\"2560\" aria-label=\"\" role=\"img\" ><\/div>\n\t\t\t\t\t\t\t\t\t\t\t<div class=\"elementor-gallery-item__overlay\"><\/div>\n\t\t\t\t\t\t\t\t\t\t\t\t\t\t<\/a>\n\t\t\t\t\t\t\t<a class=\"e-gallery-item elementor-gallery-item elementor-animated-content\" href=\"https:\/\/kursstrona.maxmicinski.pl\/wp-content\/uploads\/2026\/01\/obraz_2026-01-21_160315465.png\" data-elementor-open-lightbox=\"yes\" data-elementor-lightbox-slideshow=\"7c8ec57\" data-elementor-lightbox-title=\"obraz_2026-01-21_160315465\" data-e-action-hash=\"#elementor-action%3Aaction%3Dlightbox%26settings%3DeyJpZCI6MTM4LCJ1cmwiOiJodHRwczpcL1wva3Vyc3N0cm9uYS5tYXhtaWNpbnNraS5wbFwvd3AtY29udGVudFwvdXBsb2Fkc1wvMjAyNlwvMDFcL29icmF6XzIwMjYtMDEtMjFfMTYwMzE1NDY1LnBuZyIsInNsaWRlc2hvdyI6IjdjOGVjNTcifQ%3D%3D\">\n\t\t\t\t\t<div class=\"e-gallery-image elementor-gallery-item__image\" data-thumbnail=\"https:\/\/kursstrona.maxmicinski.pl\/wp-content\/uploads\/2026\/01\/obraz_2026-01-21_160315465.png\" data-width=\"1304\" data-height=\"1122\" aria-label=\"\" role=\"img\" ><\/div>\n\t\t\t\t\t\t\t\t\t\t\t<div class=\"elementor-gallery-item__overlay\"><\/div>\n\t\t\t\t\t\t\t\t\t\t\t\t\t\t<\/a>\n\t\t\t\t\t\t\t<a class=\"e-gallery-item elementor-gallery-item elementor-animated-content\" href=\"https:\/\/kursstrona.maxmicinski.pl\/wp-content\/uploads\/2026\/01\/obraz_2026-01-23_202218268.png\" data-elementor-open-lightbox=\"yes\" data-elementor-lightbox-slideshow=\"7c8ec57\" data-elementor-lightbox-title=\"obraz_2026-01-23_202218268\" data-e-action-hash=\"#elementor-action%3Aaction%3Dlightbox%26settings%3DeyJpZCI6MjA3LCJ1cmwiOiJodHRwczpcL1wva3Vyc3N0cm9uYS5tYXhtaWNpbnNraS5wbFwvd3AtY29udGVudFwvdXBsb2Fkc1wvMjAyNlwvMDFcL29icmF6XzIwMjYtMDEtMjNfMjAyMjE4MjY4LnBuZyIsInNsaWRlc2hvdyI6IjdjOGVjNTcifQ%3D%3D\">\n\t\t\t\t\t<div class=\"e-gallery-image elementor-gallery-item__image\" data-thumbnail=\"https:\/\/kursstrona.maxmicinski.pl\/wp-content\/uploads\/2026\/01\/obraz_2026-01-23_202218268.png\" data-width=\"1930\" data-height=\"2560\" aria-label=\"\" role=\"img\" ><\/div>\n\t\t\t\t\t\t\t\t\t\t\t<div class=\"elementor-gallery-item__overlay\"><\/div>\n\t\t\t\t\t\t\t\t\t\t\t\t\t\t<\/a>\n\t\t\t\t\t\t\t<a class=\"e-gallery-item elementor-gallery-item elementor-animated-content\" href=\"https:\/\/kursstrona.maxmicinski.pl\/wp-content\/uploads\/2026\/01\/obraz_2026-01-26_202025842.png\" data-elementor-open-lightbox=\"yes\" data-elementor-lightbox-slideshow=\"7c8ec57\" data-elementor-lightbox-title=\"obraz_2026-01-26_202025842\" data-e-action-hash=\"#elementor-action%3Aaction%3Dlightbox%26settings%3DeyJpZCI6MjE2LCJ1cmwiOiJodHRwczpcL1wva3Vyc3N0cm9uYS5tYXhtaWNpbnNraS5wbFwvd3AtY29udGVudFwvdXBsb2Fkc1wvMjAyNlwvMDFcL29icmF6XzIwMjYtMDEtMjZfMjAyMDI1ODQyLnBuZyIsInNsaWRlc2hvdyI6IjdjOGVjNTcifQ%3D%3D\">\n\t\t\t\t\t<div class=\"e-gallery-image elementor-gallery-item__image\" data-thumbnail=\"https:\/\/kursstrona.maxmicinski.pl\/wp-content\/uploads\/2026\/01\/obraz_2026-01-26_202025842.png\" data-width=\"1000\" data-height=\"1000\" aria-label=\"\" role=\"img\" ><\/div>\n\t\t\t\t\t\t\t\t\t\t\t<div class=\"elementor-gallery-item__overlay\"><\/div>\n\t\t\t\t\t\t\t\t\t\t\t\t\t\t<\/a>\n\t\t\t\t\t\t\t<a class=\"e-gallery-item elementor-gallery-item elementor-animated-content\" href=\"https:\/\/kursstrona.maxmicinski.pl\/wp-content\/uploads\/2026\/01\/obraz_2026-01-22_164216617.png\" data-elementor-open-lightbox=\"yes\" data-elementor-lightbox-slideshow=\"7c8ec57\" data-elementor-lightbox-title=\"obraz_2026-01-22_164216617\" data-e-action-hash=\"#elementor-action%3Aaction%3Dlightbox%26settings%3DeyJpZCI6MTkxLCJ1cmwiOiJodHRwczpcL1wva3Vyc3N0cm9uYS5tYXhtaWNpbnNraS5wbFwvd3AtY29udGVudFwvdXBsb2Fkc1wvMjAyNlwvMDFcL29icmF6XzIwMjYtMDEtMjJfMTY0MjE2NjE3LnBuZyIsInNsaWRlc2hvdyI6IjdjOGVjNTcifQ%3D%3D\">\n\t\t\t\t\t<div class=\"e-gallery-image elementor-gallery-item__image\" data-thumbnail=\"https:\/\/kursstrona.maxmicinski.pl\/wp-content\/uploads\/2026\/01\/obraz_2026-01-22_164216617.png\" data-width=\"922\" data-height=\"1024\" aria-label=\"\" role=\"img\" ><\/div>\n\t\t\t\t\t\t\t\t\t\t\t<div class=\"elementor-gallery-item__overlay\"><\/div>\n\t\t\t\t\t\t\t\t\t\t\t\t\t\t<\/a>\n\t\t\t\t\t\t\t<a class=\"e-gallery-item elementor-gallery-item elementor-animated-content\" href=\"https:\/\/kursstrona.maxmicinski.pl\/wp-content\/uploads\/2026\/01\/obraz_2026-01-22_201434990.png\" data-elementor-open-lightbox=\"yes\" data-elementor-lightbox-slideshow=\"7c8ec57\" data-elementor-lightbox-title=\"obraz_2026-01-22_201434990\" data-e-action-hash=\"#elementor-action%3Aaction%3Dlightbox%26settings%3DeyJpZCI6MjA0LCJ1cmwiOiJodHRwczpcL1wva3Vyc3N0cm9uYS5tYXhtaWNpbnNraS5wbFwvd3AtY29udGVudFwvdXBsb2Fkc1wvMjAyNlwvMDFcL29icmF6XzIwMjYtMDEtMjJfMjAxNDM0OTkwLnBuZyIsInNsaWRlc2hvdyI6IjdjOGVjNTcifQ%3D%3D\">\n\t\t\t\t\t<div class=\"e-gallery-image elementor-gallery-item__image\" data-thumbnail=\"https:\/\/kursstrona.maxmicinski.pl\/wp-content\/uploads\/2026\/01\/obraz_2026-01-22_201434990.png\" data-width=\"289\" data-height=\"228\" aria-label=\"\" role=\"img\" ><\/div>\n\t\t\t\t\t\t\t\t\t\t\t<div class=\"elementor-gallery-item__overlay\"><\/div>\n\t\t\t\t\t\t\t\t\t\t\t\t\t\t<\/a>\n\t\t\t\t\t<\/div>\n\t\t\t\t\t<\/div>\n\t\t\t\t\t<\/div>\n\t\t<\/div>\n\t\t\t\t\t<\/div>\n\t\t<\/section>\n\t\t\t\t<\/div>\n\t\t","protected":false},"excerpt":{"rendered":"<p>Galeria Sprawd\u017a galerie realizacji Je\u015bli szukasz wyj\u0105tkowych i naturalnych zdj\u0119\u0107 \u015blubnych, to jeste\u015b we w\u0142a\u015bciwym miejscu. Zapraszam do zapoznania si\u0119 [&hellip;]<\/p>\n","protected":false},"author":1,"featured_media":0,"parent":0,"menu_order":0,"comment_status":"closed","ping_status":"closed","template":"","meta":{"site-sidebar-layout":"no-sidebar","site-content-layout":"","ast-site-content-layout":"full-width-container","site-content-style":"default","site-sidebar-style":"default","ast-global-header-display":"","ast-banner-title-visibility":"","ast-main-header-display":"","ast-hfb-above-header-display":"","ast-hfb-below-header-display":"","ast-hfb-mobile-header-display":"","site-post-title":"disabled","ast-breadcrumbs-content":"","ast-featured-img":"disabled","footer-sml-layout":"","ast-disable-related-posts":"","theme-transparent-header-meta":"","adv-header-id-meta":"","stick-header-meta":"","header-above-stick-meta":"","header-main-stick-meta":"","header-below-stick-meta":"","astra-migrate-meta-layouts":"default","ast-page-background-enabled":"default","ast-page-background-meta":{"desktop":{"background-color":"var(--ast-global-color-5)","background-image":"","background-repeat":"repeat","background-position":"center center","background-size":"auto","background-attachment":"scroll","background-type":"","background-media":"","overlay-type":"","overlay-color":"","overlay-opacity":"","overlay-gradient":""},"tablet":{"background-color":"","background-image":"","background-repeat":"repeat","background-position":"center center","background-size":"auto","background-attachment":"scroll","background-type":"","background-media":"","overlay-type":"","overlay-color":"","overlay-opacity":"","overlay-gradient":""},"mobile":{"background-color":"","background-image":"","background-repeat":"repeat","background-position":"center center","background-size":"auto","background-attachment":"scroll","background-type":"","background-media":"","overlay-type":"","overlay-color":"","overlay-opacity":"","overlay-gradient":""}},"ast-content-background-meta":{"desktop":{"background-color":"var(--ast-global-color-4)","background-image":"","background-repeat":"repeat","background-position":"center center","background-size":"auto","background-attachment":"scroll","background-type":"","background-media":"","overlay-type":"","overlay-color":"","overlay-opacity":"","overlay-gradient":""},"tablet":{"background-color":"var(--ast-global-color-4)","background-image":"","background-repeat":"repeat","background-position":"center center","background-size":"auto","background-attachment":"scroll","background-type":"","background-media":"","overlay-type":"","overlay-color":"","overlay-opacity":"","overlay-gradient":""},"mobile":{"background-color":"var(--ast-global-color-4)","background-image":"","background-repeat":"repeat","background-position":"center center","background-size":"auto","background-attachment":"scroll","background-type":"","background-media":"","overlay-type":"","overlay-color":"","overlay-opacity":"","overlay-gradient":""}},"footnotes":""},"class_list":["post-361","page","type-page","status-publish","hentry"],"_links":{"self":[{"href":"https:\/\/kursstrona.maxmicinski.pl\/index.php?rest_route=\/wp\/v2\/pages\/361","targetHints":{"allow":["GET"]}}],"collection":[{"href":"https:\/\/kursstrona.maxmicinski.pl\/index.php?rest_route=\/wp\/v2\/pages"}],"about":[{"href":"https:\/\/kursstrona.maxmicinski.pl\/index.php?rest_route=\/wp\/v2\/types\/page"}],"author":[{"embeddable":true,"href":"https:\/\/kursstrona.maxmicinski.pl\/index.php?rest_route=\/wp\/v2\/users\/1"}],"replies":[{"embeddable":true,"href":"https:\/\/kursstrona.maxmicinski.pl\/index.php?rest_route=%2Fwp%2Fv2%2Fcomments&post=361"}],"version-history":[{"count":0,"href":"https:\/\/kursstrona.maxmicinski.pl\/index.php?rest_route=\/wp\/v2\/pages\/361\/revisions"}],"wp:attachment":[{"href":"https:\/\/kursstrona.maxmicinski.pl\/index.php?rest_route=%2Fwp%2Fv2%2Fmedia&parent=361"}],"curies":[{"name":"wp","href":"https:\/\/api.w.org\/{rel}","templated":true}]}}